{"id":2127,"date":"2020-02-07T21:08:17","date_gmt":"2020-02-07T20:08:17","guid":{"rendered":"https:\/\/sadutxeta.com\/wellness-home\/"},"modified":"2024-12-03T09:25:35","modified_gmt":"2024-12-03T08:25:35","slug":"home","status":"publish","type":"page","link":"https:\/\/sadutxeta.com\/de\/","title":{"rendered":"SA DUTXETA"},"content":{"rendered":"[vc_row type=&#8220;full_width_background&#8220; full_screen_row_position=&#8220;middle&#8220; column_margin=&#8220;default&#8220; column_direction=&#8220;default&#8220; column_direction_tablet=&#8220;default&#8220; column_direction_phone=&#8220;default&#8220; bg_image=&#8220;1144&#8243; bg_position=&#8220;left top&#8220; background_image_loading=&#8220;default&#8220; bg_repeat=&#8220;no-repeat&#8220; full_height=&#8220;yes&#8220; video_bg=&#8220;use_video&#8220; video_mp4=&#8220;https:\/\/sadutxeta.com\/video\/cocina.mp4&#8243; scene_position=&#8220;center&#8220; text_color=&#8220;light&#8220; text_align=&#8220;left&#8220; row_border_radius=&#8220;none&#8220; row_border_radius_applies=&#8220;bg&#8220; overlay_strength=&#8220;0.3&#8243; gradient_direction=&#8220;left_to_right&#8220; shape_divider_position=&#8220;bottom&#8220; bg_image_animation=&#8220;none&#8220; shape_type=&#8220;&#8220;][vc_column column_padding=&#8220;no-extra-padding&#8220; column_padding_tablet=&#8220;inherit&#8220; column_padding_phone=&#8220;inherit&#8220; column_padding_position=&#8220;all&#8220; column_element_spacing=&#8220;default&#8220; background_color_opacity=&#8220;1&#8243; background_hover_color_opacity=&#8220;1&#8243; column_shadow=&#8220;none&#8220; column_border_radius=&#8220;none&#8220; column_link_target=&#8220;_self&#8220; gradient_direction=&#8220;left_to_right&#8220; overlay_strength=&#8220;0.3&#8243; width=&#8220;1\/1&#8243; tablet_width_inherit=&#8220;default&#8220; tablet_text_alignment=&#8220;default&#8220; phone_text_alignment=&#8220;default&#8220; bg_image_animation=&#8220;none&#8220; border_type=&#8220;simple&#8220; column_border_width=&#8220;none&#8220; column_border_style=&#8220;solid&#8220;][vc_column_text]\n<h1 style=\"color: #0000007A; text-align: center;\">SA DUTXETA<\/h1>\n[\/vc_column_text][\/vc_column][\/vc_row][vc_row type=&#8220;full_width_content&#8220; full_screen_row_position=&#8220;middle&#8220; column_margin=&#8220;default&#8220; equal_height=&#8220;yes&#8220; column_direction=&#8220;default&#8220; column_direction_tablet=&#8220;default&#8220; column_direction_phone=&#8220;default&#8220; scene_position=&#8220;center&#8220; text_color=&#8220;light&#8220; text_align=&#8220;center&#8220; row_border_radius=&#8220;none&#8220; row_border_radius_applies=&#8220;bg&#8220; overlay_strength=&#8220;0.3&#8243; gradient_direction=&#8220;left_to_right&#8220; shape_divider_position=&#8220;bottom&#8220; bg_image_animation=&#8220;none&#8220; shape_type=&#8220;&#8220;][vc_column column_padding=&#8220;no-extra-padding&#8220; column_padding_tablet=&#8220;inherit&#8220; column_padding_phone=&#8220;inherit&#8220; column_padding_position=&#8220;all&#8220; column_element_spacing=&#8220;default&#8220; background_color_opacity=&#8220;1&#8243; background_color_hover=&#8220;#3b3b3b&#8220; background_hover_color_opacity=&#8220;0.6&#8243; background_image=&#8220;1147&#8243; background_image_position=&#8220;center center&#8220; background_image_loading=&#8220;default&#8220; video_bg=&#8220;use_video&#8220; video_mp4=&#8220;https:\/\/sadutxeta.com\/video\/picoarriba.mp4&#8243; column_shadow=&#8220;none&#8220; column_border_radius=&#8220;none&#8220; column_link_target=&#8220;_self&#8220; enable_gradient=&#8220;true&#8220; color_overlay=&#8220;#3b3b3b&#8220; gradient_direction=&#8220;radial&#8220; overlay_strength=&#8220;0.8&#8243; width=&#8220;1\/2&#8243; tablet_width_inherit=&#8220;default&#8220; tablet_text_alignment=&#8220;default&#8220; phone_text_alignment=&#8220;default&#8220; bg_image_animation=&#8220;none&#8220; border_type=&#8220;simple&#8220; column_border_width=&#8220;none&#8220; column_border_style=&#8220;solid&#8220; column_link=&#8220;https:\/\/sadutxeta.com\/de\/interior&#8220;][divider line_type=&#8220;No Line&#8220; custom_height=&#8220;250&#8243;][vc_column_text]\n<h2 style=\"text-align: center;\">INTERIOR<\/h2>\n[\/vc_column_text][divider line_type=&#8220;No Line&#8220; custom_height=&#8220;250&#8243;][\/vc_column][vc_column column_padding=&#8220;no-extra-padding&#8220; column_padding_tablet=&#8220;inherit&#8220; column_padding_phone=&#8220;inherit&#8220; column_padding_position=&#8220;all&#8220; column_element_spacing=&#8220;default&#8220; background_color_opacity=&#8220;1&#8243; background_color_hover=&#8220;#3b3b3b&#8220; background_hover_color_opacity=&#8220;0.6&#8243; background_image=&#8220;2759&#8243; background_image_position=&#8220;center center&#8220; background_image_loading=&#8220;default&#8220; column_shadow=&#8220;none&#8220; column_border_radius=&#8220;none&#8220; column_link_target=&#8220;_self&#8220; enable_gradient=&#8220;true&#8220; color_overlay=&#8220;#3b3b3b&#8220; gradient_direction=&#8220;radial&#8220; overlay_strength=&#8220;0.8&#8243; width=&#8220;1\/2&#8243; tablet_width_inherit=&#8220;default&#8220; tablet_text_alignment=&#8220;default&#8220; phone_text_alignment=&#8220;default&#8220; bg_image_animation=&#8220;zoom-out-slow&#8220; border_type=&#8220;simple&#8220; column_border_width=&#8220;none&#8220; column_border_style=&#8220;solid&#8220; column_link=&#8220;https:\/\/sadutxeta.com\/de\/exterior&#8220;][divider line_type=&#8220;No Line&#8220; custom_height=&#8220;250&#8243;][vc_column_text]\n<h2 style=\"text-align: center;\">EXTERIOR<\/h2>\n[\/vc_column_text][divider line_type=&#8220;No Line&#8220; custom_height=&#8220;250&#8243;][\/vc_column][\/vc_row][vc_row type=&#8220;in_container&#8220; full_screen_row_position=&#8220;middle&#8220; column_margin=&#8220;default&#8220; column_direction=&#8220;default&#8220; column_direction_tablet=&#8220;default&#8220; column_direction_phone=&#8220;default&#8220; scene_position=&#8220;center&#8220; top_padding_phone=&#8220;3%&#8220; text_color=&#8220;dark&#8220; text_align=&#8220;center&#8220; row_border_radius=&#8220;none&#8220; row_border_radius_applies=&#8220;bg&#8220; overlay_strength=&#8220;0.3&#8243; gradient_direction=&#8220;left_to_right&#8220; shape_divider_position=&#8220;bottom&#8220; bg_image_animation=&#8220;none&#8220; shape_type=&#8220;&#8220;][vc_column column_padding=&#8220;no-extra-padding&#8220; column_padding_tablet=&#8220;inherit&#8220; column_padding_phone=&#8220;inherit&#8220; column_padding_position=&#8220;all&#8220; column_element_spacing=&#8220;default&#8220; background_color_opacity=&#8220;1&#8243; background_hover_color_opacity=&#8220;1&#8243; column_shadow=&#8220;none&#8220; column_border_radius=&#8220;none&#8220; column_link_target=&#8220;_self&#8220; gradient_direction=&#8220;left_to_right&#8220; overlay_strength=&#8220;0.3&#8243; width=&#8220;1\/1&#8243; tablet_width_inherit=&#8220;default&#8220; tablet_text_alignment=&#8220;default&#8220; phone_text_alignment=&#8220;default&#8220; bg_image_animation=&#8220;none&#8220; border_type=&#8220;simple&#8220; column_border_width=&#8220;none&#8220; column_border_style=&#8220;solid&#8220;][divider line_type=&#8220;No Line&#8220;][vc_column_text css=&#8220;.vc_custom_1733214310381{margin-top: 70px !important;}&#8220;]\n<h2 style=\"text-align: center;\"><span lang=\"EN-GB\">Sa Dutxeta<\/span><\/h2>\n<h3 style=\"text-align: center;\"><span lang=\"EN-GB\">Ihr Experte f\u00fcr <strong>Interior &amp; Exterior Design auf Mallorca<\/strong><\/span><\/h3>\n<p>&nbsp;<\/p>\n<h4 style=\"text-align: center;\">Ob K\u00fcchen, B\u00e4der, Bodenbel\u00e4ge, M\u00f6bel oder Lichtdesign im Innen- und Au\u00dfenbereich \u2013 wir bieten ma\u00dfgeschneiderte L\u00f6sungen, die Stil und Funktionalit\u00e4t perfekt verbinden. Lassen Sie sich begeistern von individuell gestalteten Lebensr\u00e4umen, die mediterrane Eleganz mit modernem Design vereinen.<\/h4>\n[\/vc_column_text][divider line_type=&#8220;No Line&#8220;][\/vc_column][\/vc_row][vc_row type=&#8220;full_width_content&#8220; full_screen_row_position=&#8220;middle&#8220; column_margin=&#8220;default&#8220; equal_height=&#8220;yes&#8220; column_direction=&#8220;default&#8220; column_direction_tablet=&#8220;default&#8220; column_direction_phone=&#8220;default&#8220; scene_position=&#8220;center&#8220; text_color=&#8220;light&#8220; text_align=&#8220;center&#8220; row_border_radius=&#8220;none&#8220; row_border_radius_applies=&#8220;bg&#8220; overlay_strength=&#8220;0.3&#8243; gradient_direction=&#8220;left_to_right&#8220; shape_divider_position=&#8220;bottom&#8220; bg_image_animation=&#8220;none&#8220; shape_type=&#8220;&#8220;][vc_column column_padding=&#8220;no-extra-padding&#8220; column_padding_tablet=&#8220;inherit&#8220; column_padding_phone=&#8220;inherit&#8220; column_padding_position=&#8220;all&#8220; column_element_spacing=&#8220;default&#8220; background_color_opacity=&#8220;1&#8243; background_color_hover=&#8220;#3b3b3b&#8220; background_hover_color_opacity=&#8220;0.6&#8243; background_image=&#8220;863&#8243; background_image_position=&#8220;center center&#8220; background_image_loading=&#8220;default&#8220; video_bg=&#8220;use_video&#8220; video_mp4=&#8220;https:\/\/sadutxeta.com\/video\/cocina2.mp4&#8243; column_shadow=&#8220;none&#8220; column_border_radius=&#8220;none&#8220; column_link_target=&#8220;_self&#8220; enable_gradient=&#8220;true&#8220; color_overlay=&#8220;#3b3b3b&#8220; gradient_direction=&#8220;radial&#8220; overlay_strength=&#8220;0.8&#8243; width=&#8220;1\/2&#8243; tablet_width_inherit=&#8220;default&#8220; tablet_text_alignment=&#8220;default&#8220; phone_text_alignment=&#8220;default&#8220; bg_image_animation=&#8220;none&#8220; border_type=&#8220;simple&#8220; column_border_width=&#8220;none&#8220; column_border_style=&#8220;solid&#8220; column_link=&#8220;https:\/\/sadutxeta.com\/de\/projekte\/&#8220;][divider line_type=&#8220;No Line&#8220; custom_height=&#8220;250&#8243;][vc_column_text]\n<h2 style=\"text-align: center;\">PROJEKTE<\/h2>\n[\/vc_column_text][divider line_type=&#8220;No Line&#8220; custom_height=&#8220;250&#8243;][\/vc_column][vc_column column_padding=&#8220;no-extra-padding&#8220; column_padding_tablet=&#8220;inherit&#8220; column_padding_phone=&#8220;inherit&#8220; column_padding_position=&#8220;all&#8220; column_element_spacing=&#8220;default&#8220; background_color_opacity=&#8220;1&#8243; background_color_hover=&#8220;#3b3b3b&#8220; background_hover_color_opacity=&#8220;0.6&#8243; background_image=&#8220;2548&#8243; background_image_position=&#8220;center center&#8220; background_image_loading=&#8220;default&#8220; column_shadow=&#8220;none&#8220; column_border_radius=&#8220;none&#8220; column_link_target=&#8220;_self&#8220; enable_gradient=&#8220;true&#8220; color_overlay=&#8220;#3b3b3b&#8220; gradient_direction=&#8220;radial&#8220; overlay_strength=&#8220;0.8&#8243; width=&#8220;1\/2&#8243; tablet_width_inherit=&#8220;default&#8220; tablet_text_alignment=&#8220;default&#8220; phone_text_alignment=&#8220;default&#8220; bg_image_animation=&#8220;zoom-out-slow&#8220; border_type=&#8220;simple&#8220; column_border_width=&#8220;none&#8220; column_border_style=&#8220;solid&#8220; column_link=&#8220;https:\/\/sadutxeta.com\/de\/aktuelles\/&#8220;][divider line_type=&#8220;No Line&#8220; custom_height=&#8220;250&#8243;][vc_column_text]\n<h2 style=\"text-align: center;\">AKTUELLES<\/h2>\n[\/vc_column_text][divider line_type=&#8220;No Line&#8220; custom_height=&#8220;250&#8243;][\/vc_column][\/vc_row]\n","protected":false},"excerpt":{"rendered":"<p>[vc_row type=&#8220;full_width_background&#8220; full_screen_row_position=&#8220;middle&#8220; column_margin=&#8220;default&#8220; column_direction=&#8220;default&#8220; column_direction_tablet=&#8220;default&#8220; column_direction_phone=&#8220;default&#8220; bg_image=&#8220;1144&#8243; bg_position=&#8220;left top&#8220; background_image_loading=&#8220;default&#8220; bg_repeat=&#8220;no-repeat&#8220; full_height=&#8220;yes&#8220; video_bg=&#8220;use_video&#8220; video_mp4=&#8220;https:\/\/sadutxeta.com\/video\/cocina.mp4&#8243; scene_position=&#8220;center&#8220; text_color=&#8220;light&#8220; text_align=&#8220;left&#8220; row_border_radius=&#8220;none&#8220; row_border_radius_applies=&#8220;bg&#8220; overlay_strength=&#8220;0.3&#8243; gradient_direction=&#8220;left_to_right&#8220; shape_divider_position=&#8220;bottom&#8220; bg_image_animation=&#8220;none&#8220; shape_type=&#8220;&#8220;][vc_column column_padding=&#8220;no-extra-padding&#8220; column_padding_tablet=&#8220;inherit&#8220; column_padding_phone=&#8220;inherit&#8220; column_padding_position=&#8220;all&#8220; column_element_spacing=&#8220;default&#8220;&#8230;<\/p>\n","protected":false},"author":1,"featured_media":0,"parent":0,"menu_order":0,"comment_status":"closed","ping_status":"closed","template":"","meta":[],"yoast_head":"<!-- This site is optimized with the Yoast SEO plugin v21.1 - https:\/\/yoast.com\/wordpress\/plugins\/seo\/ -->\n<title>SA DUTXETA - Interior &amp; Exterior Design<\/title>\n<meta name=\"description\" content=\"Interior &amp; Exterior Design auf Mallorca | K\u00fcchen, B\u00e4der, Bodenbel\u00e4ge, M\u00f6bel und Lichtdesign | Mediterraner Stil trifft modernes Design.\" \/>\n<meta name=\"robots\" content=\"index, follow, max-snippet:-1, max-image-preview:large, max-video-preview:-1\" \/>\n<link rel=\"canonical\" href=\"https:\/\/sadutxeta.com\/\" \/>\n<meta property=\"og:locale\" content=\"de_DE\" \/>\n<meta property=\"og:type\" content=\"article\" \/>\n<meta property=\"og:title\" content=\"SA DUTXETA - Interior &amp; Exterior Design\" \/>\n<meta property=\"og:description\" content=\"Interior &amp; Exterior Design auf Mallorca | K\u00fcchen, B\u00e4der, Bodenbel\u00e4ge, M\u00f6bel und Lichtdesign | Mediterraner Stil trifft modernes Design.\" \/>\n<meta property=\"og:url\" content=\"https:\/\/sadutxeta.com\/\" \/>\n<meta property=\"og:site_name\" content=\"Sa Dutxeta\" \/>\n<meta property=\"article:modified_time\" content=\"2024-12-03T08:25:35+00:00\" \/>\n<meta name=\"twitter:card\" content=\"summary_large_image\" \/>\n<meta name=\"twitter:label1\" content=\"Gesch\u00e4tzte Lesezeit\" \/>\n\t<meta name=\"twitter:data1\" content=\"2\u00a0Minuten\" \/>\n<script type=\"application\/ld+json\" class=\"yoast-schema-graph\">{\"@context\":\"https:\/\/schema.org\",\"@graph\":[{\"@type\":\"WebPage\",\"@id\":\"https:\/\/sadutxeta.com\/\",\"url\":\"https:\/\/sadutxeta.com\/\",\"name\":\"SA DUTXETA - Interior & Exterior Design\",\"isPartOf\":{\"@id\":\"https:\/\/sadutxeta.com\/#website\"},\"datePublished\":\"2020-02-07T20:08:17+00:00\",\"dateModified\":\"2024-12-03T08:25:35+00:00\",\"description\":\"Interior & Exterior Design auf Mallorca | K\u00fcchen, B\u00e4der, Bodenbel\u00e4ge, M\u00f6bel und Lichtdesign | Mediterraner Stil trifft modernes Design.\",\"breadcrumb\":{\"@id\":\"https:\/\/sadutxeta.com\/#breadcrumb\"},\"inLanguage\":\"de\",\"potentialAction\":[{\"@type\":\"ReadAction\",\"target\":[\"https:\/\/sadutxeta.com\/\"]}]},{\"@type\":\"BreadcrumbList\",\"@id\":\"https:\/\/sadutxeta.com\/#breadcrumb\",\"itemListElement\":[{\"@type\":\"ListItem\",\"position\":1,\"name\":\"Home\",\"item\":\"https:\/\/sadutxeta.com\/\"},{\"@type\":\"ListItem\",\"position\":2,\"name\":\"SA DUTXETA\"}]},{\"@type\":\"WebSite\",\"@id\":\"https:\/\/sadutxeta.com\/#website\",\"url\":\"https:\/\/sadutxeta.com\/\",\"name\":\"Sa Dutxeta\",\"description\":\"Dise\u00f1o de interiores Mallorca\",\"potentialAction\":[{\"@type\":\"SearchAction\",\"target\":{\"@type\":\"EntryPoint\",\"urlTemplate\":\"https:\/\/sadutxeta.com\/?s={search_term_string}\"},\"query-input\":\"required name=search_term_string\"}],\"inLanguage\":\"de\"}]}<\/script>\n<!-- \/ Yoast SEO plugin. -->","yoast_head_json":{"title":"SA DUTXETA - Interior & Exterior Design","description":"Interior & Exterior Design auf Mallorca | K\u00fcchen, B\u00e4der, Bodenbel\u00e4ge, M\u00f6bel und Lichtdesign | Mediterraner Stil trifft modernes Design.","robots":{"index":"index","follow":"follow","max-snippet":"max-snippet:-1","max-image-preview":"max-image-preview:large","max-video-preview":"max-video-preview:-1"},"canonical":"https:\/\/sadutxeta.com\/","og_locale":"de_DE","og_type":"article","og_title":"SA DUTXETA - Interior & Exterior Design","og_description":"Interior & Exterior Design auf Mallorca | K\u00fcchen, B\u00e4der, Bodenbel\u00e4ge, M\u00f6bel und Lichtdesign | Mediterraner Stil trifft modernes Design.","og_url":"https:\/\/sadutxeta.com\/","og_site_name":"Sa Dutxeta","article_modified_time":"2024-12-03T08:25:35+00:00","twitter_card":"summary_large_image","twitter_misc":{"Gesch\u00e4tzte Lesezeit":"2\u00a0Minuten"},"schema":{"@context":"https:\/\/schema.org","@graph":[{"@type":"WebPage","@id":"https:\/\/sadutxeta.com\/","url":"https:\/\/sadutxeta.com\/","name":"SA DUTXETA - Interior & Exterior Design","isPartOf":{"@id":"https:\/\/sadutxeta.com\/#website"},"datePublished":"2020-02-07T20:08:17+00:00","dateModified":"2024-12-03T08:25:35+00:00","description":"Interior & Exterior Design auf Mallorca | K\u00fcchen, B\u00e4der, Bodenbel\u00e4ge, M\u00f6bel und Lichtdesign | Mediterraner Stil trifft modernes Design.","breadcrumb":{"@id":"https:\/\/sadutxeta.com\/#breadcrumb"},"inLanguage":"de","potentialAction":[{"@type":"ReadAction","target":["https:\/\/sadutxeta.com\/"]}]},{"@type":"BreadcrumbList","@id":"https:\/\/sadutxeta.com\/#breadcrumb","itemListElement":[{"@type":"ListItem","position":1,"name":"Home","item":"https:\/\/sadutxeta.com\/"},{"@type":"ListItem","position":2,"name":"SA DUTXETA"}]},{"@type":"WebSite","@id":"https:\/\/sadutxeta.com\/#website","url":"https:\/\/sadutxeta.com\/","name":"Sa Dutxeta","description":"Dise\u00f1o de interiores Mallorca","potentialAction":[{"@type":"SearchAction","target":{"@type":"EntryPoint","urlTemplate":"https:\/\/sadutxeta.com\/?s={search_term_string}"},"query-input":"required name=search_term_string"}],"inLanguage":"de"}]}},"_links":{"self":[{"href":"https:\/\/sadutxeta.com\/de\/wp-json\/wp\/v2\/pages\/2127"}],"collection":[{"href":"https:\/\/sadutxeta.com\/de\/wp-json\/wp\/v2\/pages"}],"about":[{"href":"https:\/\/sadutxeta.com\/de\/wp-json\/wp\/v2\/types\/page"}],"author":[{"embeddable":true,"href":"https:\/\/sadutxeta.com\/de\/wp-json\/wp\/v2\/users\/1"}],"replies":[{"embeddable":true,"href":"https:\/\/sadutxeta.com\/de\/wp-json\/wp\/v2\/comments?post=2127"}],"version-history":[{"count":30,"href":"https:\/\/sadutxeta.com\/de\/wp-json\/wp\/v2\/pages\/2127\/revisions"}],"predecessor-version":[{"id":2852,"href":"https:\/\/sadutxeta.com\/de\/wp-json\/wp\/v2\/pages\/2127\/revisions\/2852"}],"wp:attachment":[{"href":"https:\/\/sadutxeta.com\/de\/wp-json\/wp\/v2\/media?parent=2127"}],"curies":[{"name":"wp","href":"https:\/\/api.w.org\/{rel}","templated":true}]}}