{"id":2004,"date":"2023-02-28T11:37:43","date_gmt":"2023-02-28T10:37:43","guid":{"rendered":"https:\/\/sadutxeta.com\/privacidad\/"},"modified":"2024-11-07T10:01:34","modified_gmt":"2024-11-07T09:01:34","slug":"datenschutz","status":"publish","type":"page","link":"https:\/\/sadutxeta.com\/de\/datenschutz\/","title":{"rendered":"DATENSCHUTZ"},"content":{"rendered":"[vc_row type=&#8220;in_container&#8220; full_screen_row_position=&#8220;middle&#8220; column_margin=&#8220;default&#8220; column_direction=&#8220;default&#8220; column_direction_tablet=&#8220;default&#8220; column_direction_phone=&#8220;default&#8220; scene_position=&#8220;center&#8220; text_color=&#8220;dark&#8220; text_align=&#8220;left&#8220; row_border_radius=&#8220;none&#8220; row_border_radius_applies=&#8220;bg&#8220; overlay_strength=&#8220;0.3&#8243; gradient_direction=&#8220;left_to_right&#8220; shape_divider_position=&#8220;bottom&#8220; bg_image_animation=&#8220;none&#8220;][vc_column column_padding=&#8220;no-extra-padding&#8220; column_padding_tablet=&#8220;inherit&#8220; column_padding_phone=&#8220;inherit&#8220; column_padding_position=&#8220;all&#8220; column_element_spacing=&#8220;default&#8220; background_color_opacity=&#8220;1&#8243; background_hover_color_opacity=&#8220;1&#8243; column_shadow=&#8220;none&#8220; column_border_radius=&#8220;none&#8220; column_link_target=&#8220;_self&#8220; gradient_direction=&#8220;left_to_right&#8220; overlay_strength=&#8220;0.3&#8243; width=&#8220;1\/1&#8243; tablet_width_inherit=&#8220;default&#8220; tablet_text_alignment=&#8220;default&#8220; phone_text_alignment=&#8220;default&#8220; bg_image_animation=&#8220;none&#8220; border_type=&#8220;simple&#8220; column_border_width=&#8220;none&#8220; column_border_style=&#8220;solid&#8220;][vc_column_text]<strong>DATENSCHUTZ<\/strong><\/p>\n<p><strong>1 Eigentumsverh\u00e4ltnisse und Beschreibung<\/strong><\/p>\n<p>&nbsp;<\/p>\n<p><strong>1.1 Eigentumsverh\u00e4ltnisse<\/strong><\/p>\n<p>&nbsp;<\/p>\n<p>Diese Webseite ist Eigentum und wird betrieben von Sa Dutxeta, einer spanischen Handelsgesellschaft mit Sitz in C\/ 31 de mar\u00e7, 41 &#8211; 07570 Art\u00e0 (Illes Balears, Spanien).<\/p>\n<p>&nbsp;<\/p>\n<p>STEUERNUMMER: B-57732414<\/p>\n<p>&nbsp;<\/p>\n<p>E-Mail: info@sadutxeta.com<\/p>\n<p>&nbsp;<\/p>\n<p><strong>1.2 Beschreibung<\/strong><\/p>\n<p>&nbsp;<\/p>\n<p>Diese Datenschutz- und Cookie-Richtlinie regelt die Erhebung, Verarbeitung und Nutzung Ihrer pers\u00f6nlichen und nicht-pers\u00f6nlichen Daten als Nutzer des Dienstes ab dem in der \u00dcberschrift angegebenen Datum.<\/p>\n<p>&nbsp;<\/p>\n<p>Der Dienst verkauft Ihre pers\u00f6nlichen Daten nicht an Dritte und wird Sie immer um Ihre Zustimmung bitten, bevor er Ihre Daten f\u00fcr andere Zwecke als die in dieser Klausel beschriebenen verwendet.<\/p>\n<p>&nbsp;<\/p>\n<p>Bei der Verarbeitung Ihrer pers\u00f6nlichen Daten h\u00e4lt sich der Service an die geltende lokale und europ\u00e4ische Gesetzgebung und deren Durchf\u00fchrungsbestimmungen.<\/p>\n<p>&nbsp;<\/p>\n<p>Aus diesem Grund ergreift er die notwendigen technischen und organisatorischen Ma\u00dfnahmen, um den Verlust, den Missbrauch, die \u00c4nderung, den unbefugten Zugriff und den Diebstahl der zur Verf\u00fcgung gestellten personenbezogenen Daten zu verhindern. Dies geschieht stets in \u00dcbereinstimmung mit dem Stand der Technik, der Art der Daten und den Risiken, denen sie ausgesetzt sind.<\/p>\n<p>&nbsp;<\/p>\n<p><strong>2 Gesammelte Informationen<\/strong><\/p>\n<p>&nbsp;<\/p>\n<p>Die pers\u00f6nlichen und nicht-pers\u00f6nlichen Daten, die \u00fcber den Service gesammelt werden, variieren je nach Nutzung der Webseite und ihrer Funktionen.<\/p>\n<p>&nbsp;<\/p>\n<p>Pers\u00f6nliche und nicht-pers\u00f6nliche Informationen, die durch den Service gesammelt werden, werden auf drei Arten gesammelt: 1) Informationen, die automatisch gesammelt werden; 2) Informationen, die Sie uns freiwillig zur Verf\u00fcgung stellen; und 3) Informationen, die uns von Dritten zur Verf\u00fcgung gestellt werden.<\/p>\n<p>&nbsp;<\/p>\n<p><strong>2.1 &#8211; Automatisch gesammelte Informationen<\/strong><\/p>\n<p>&nbsp;<\/p>\n<p>Diese Informationen bestehen aus:<\/p>\n<p>Daten, die durch Cookies oder \u00e4hnliche Mechanismen gesammelt und auf Ihrem Ger\u00e4t gespeichert werden, immer mit Ihrer Zustimmung. Weitere Informationen finden Sie in unserer Cookie-Richtlinie.<\/p>\n<p>Die IP-Adresse, von der aus die Verbindung hergestellt wird, die Art des verwendeten Ger\u00e4ts und dessen Eigenschaften, die Version des Betriebssystems, der Browsertyp, die Sprache, das Datum, das Land, die Uhrzeit der Anfrage, die Referrer-URL oder das verwendete Mobilfunknetz, unter anderem.<\/p>\n<p>Daten \u00fcber die Nutzung des Dienstes und eventuelle Fehler, die w\u00e4hrend der Nutzung festgestellt werden, wie z.B. nicht gefundene Seiten oder fehlerhafte Darstellungen.<\/p>\n<p><strong>2.2.- Freiwillig \u00fcbermittelte Daten<\/strong><\/p>\n<p>&nbsp;<\/p>\n<p>Diese Informationen bestehen aus<\/p>\n<p>&nbsp;<\/p>\n<p>Informationen, die in den Nachrichten enthalten sind, die \u00fcber die Kontaktkan\u00e4le des Dienstes gesendet werden oder wenn Sie unseren Newsletter abonnieren. Zum Beispiel Ihre E-Mail-Adresse, Ihr Pseudonym oder Ihr Name, Ihr Betreff oder Ihre Nachricht.<\/p>\n<p><strong>2.3.- Von Dritten zur Verf\u00fcgung gestellte Daten<\/strong><\/p>\n<p>&nbsp;<\/p>\n<p>Diese Informationen bestehen aus<\/p>\n<p>&nbsp;<\/p>\n<p>Daten, die von sozialen Netzwerken oder \u00e4hnlichen Diensten zur Verf\u00fcgung gestellt werden.<\/p>\n<p><strong>3<\/strong> &#8211; <strong>Rechte<\/strong><\/p>\n<p>&nbsp;<\/p>\n<p>Wir weisen Sie darauf hin, dass das Ausf\u00fcllen der Formulare freiwillig ist. Wenn Sie jedoch die Pflichtfelder (mit einem Sternchen gekennzeichnet) nicht ausf\u00fcllen, k\u00f6nnen Sie einige Funktionen des Dienstes nicht oder nur eingeschr\u00e4nkt nutzen.<\/p>\n<p>&nbsp;<\/p>\n<p>Die von Ihnen angegebenen personenbezogenen Daten werden in den Dateien des Dienstes gespeichert und verarbeitet, um Ihre Anfragen zu bearbeiten, den angeforderten Dienst zu erbringen und Sie \u00fcber die T\u00e4tigkeit des Unternehmens und seine Dienstleistungen zu informieren.<\/p>\n<p>Sie k\u00f6nnen jederzeit von Ihrem Recht auf Zugriff, Berichtigung, L\u00f6schung, Einschr\u00e4nkung der Verarbeitung, Widerspruch und \u00dcbertragbarkeit Ihrer pers\u00f6nlichen Daten Gebrauch machen, indem Sie eine E-Mail an info@sadutxeta.com oder an die Postanschrift C\/ 31 de mar\u00e7, 41 &#8211; 07570 Art\u00e0 (Illes Balears, Spanien) senden.<\/p>\n<p>&nbsp;<\/p>\n<p>In beiden F\u00e4llen m\u00fcssen Sie Ihren Vor- und Nachnamen angeben und eine Kopie Ihres Personalausweises oder Ihres nationalen Identit\u00e4tsausweises vorlegen.<\/p>\n<p>&nbsp;<\/p>\n<p>Hier finden Sie die verschiedenen M\u00f6glichkeiten zur Aus\u00fcbung dieser Rechte.<\/p>\n<p>&nbsp;<\/p>\n<p>Wenn Sie Ihre Einwilligung f\u00fcr einen bestimmten Zweck erteilt haben, haben Sie das Recht, diese jederzeit zu widerrufen, ohne dass die Rechtm\u00e4\u00dfigkeit der Verarbeitung aufgrund der Einwilligung vor dem Widerruf ber\u00fchrt wird.<\/p>\n<p>&nbsp;<\/p>\n<p>Wenn Sie als Nutzer der Meinung sind, dass es ein Problem mit der Art und Weise gibt, wie der Service Ihre Daten verarbeitet, k\u00f6nnen Sie sich mit Ihren Beschwerden an DPD oder an die zust\u00e4ndige Datenschutzbeh\u00f6rde wenden, im Falle von Spanien an die spanische Datenschutzbeh\u00f6rde.<\/p>\n<p>&nbsp;<\/p>\n<p><strong>4.- Verwendung der Daten<\/strong><\/p>\n<p>&nbsp;<\/p>\n<p>Die dem Service zur Verf\u00fcgung gestellten Daten werden f\u00fcr folgende Zwecke verwendet<\/p>\n<p>&nbsp;<\/p>\n<p>Zur Bearbeitung Ihrer Anfragen.<\/p>\n<p>Wenn Sie zugestimmt haben, Ihnen unseren Newsletter per E-Mail zu senden.<\/p>\n<p><strong>4.1.- In E-Mails und Kontaktformularen<\/strong><\/p>\n<p>&nbsp;<\/p>\n<p>Die Webseite des Dienstes verf\u00fcgt \u00fcber eine SSL-Verschl\u00fcsselung, die es den Nutzern erm\u00f6glicht, ihre pers\u00f6nlichen Daten sicher \u00fcber die Standard-Kontaktformulare zu \u00fcbermitteln.<\/p>\n<p>&nbsp;<\/p>\n<p>Die erhobenen personenbezogenen Daten werden automatisiert verarbeitet und in die entsprechenden Dateien des Unternehmensregisters aufgenommen, dessen Inhaber der Dienst ist.<\/p>\n<p>&nbsp;<\/p>\n<p>In diesem Sinne:<\/p>\n<p>Wir erhalten Ihre IP-Adresse, die verwendet wird, um die Herkunft der Nachricht zu \u00fcberpr\u00fcfen, Ihnen geeignete Empfehlungen zu geben (z. B. Informationen in der richtigen Sprache anzuzeigen) und m\u00f6gliche Unregelm\u00e4\u00dfigkeiten zu erkennen (z. B. m\u00f6gliche Versuche eines Cyber-Angriffs auf den Dienst), sowie Angaben zu Ihrem Internet-Provider.<\/p>\n<p>Sie k\u00f6nnen uns Ihre Daten auch telefonisch, per E-Mail oder \u00fcber andere angegebene Kommunikationsmittel mitteilen.<\/p>\n<p>\u00dcber die verwendeten Kommunikationsmittel:<\/p>\n<p>Unser E-Mail-Provider ist info@sadutxeta.com.<\/p>\n<p>Dar\u00fcber hinaus k\u00f6nnen bestimmte Dienste, die \u00fcber die Webseite angeboten werden (z. B. die M\u00f6glichkeit zur Teilnahme an einem Wettbewerb oder Gewinnspiel), besondere Bedingungen zum Schutz personenbezogener Daten enthalten. Diese m\u00fcssen vor der Teilnahme an diesen Diensten akzeptiert werden.<\/p>\n<p>&nbsp;<\/p>\n<p>Wie bereits erw\u00e4hnt, dient die Verarbeitung dieser Daten ausschlie\u00dflich dazu, die angeforderten Informationen oder Dienstleistungen bereitzustellen.<\/p>\n<p>&nbsp;<\/p>\n<p><strong>4.2.- In sozialen Netzwerken<\/strong><\/p>\n<p>&nbsp;<\/p>\n<p>Sa Dutxeta verf\u00fcgt \u00fcber Profile in einigen der wichtigsten sozialen Netzwerke im Internet und erkennt sich als f\u00fcr die Verarbeitung Verantwortlicher in Bezug auf die dort ver\u00f6ffentlichten Daten an (z. B. von Sa Dutxeta hochgeladene Fotos, auf denen die Gesichter von Personen zu sehen sind).<\/p>\n<p>&nbsp;<\/p>\n<p>Die Verarbeitung, die Sa Dutxeta mit den Daten in jedem der genannten Netzwerke vornimmt, geht nicht \u00fcber das hinaus, was das soziale Netzwerk f\u00fcr die Unternehmensprofile zul\u00e4sst. Auf diese Weise kann der Service, sofern das Gesetz dies nicht verbietet, seine Anh\u00e4nger \u00fcber seine Aktivit\u00e4ten oder Angebote mit allen Mitteln informieren, die das soziale Netzwerk zul\u00e4sst.<\/p>\n<p>und einen personalisierten Kundendienst anbieten.<\/p>\n<p><strong>4.3.- Bei Gewinnspielen<\/strong><\/p>\n<p>&nbsp;<\/p>\n<p>Bei der Teilnahme an Preisausschreiben, die ausschlie\u00dflich vom Service organisiert werden, werden die von Ihnen zur Verf\u00fcgung gestellten Daten von uns nur zu dem Zweck verarbeitet, der in der Beschreibung des Preisausschreibens angegeben ist.<\/p>\n<p>&nbsp;<\/p>\n<p><strong>4.4.- Bei Stellenangeboten<\/strong><\/p>\n<p>&nbsp;<\/p>\n<p>Sa Dutxeta ber\u00fccksichtigt nur die Bewerbungen f\u00fcr eine Stelle oder ein Praktikum, die der Bewerber \u00fcber die auf der Seite mit den Stellenangeboten angegebenen Wege oder \u00fcber die Wege, die in den Bereichen f\u00fcr Stellen und Praktika auf den Internetseiten der Universit\u00e4ten zur Verf\u00fcgung stehen, auf denen Sa Dutxeta ein spezifisches Angebot ver\u00f6ffentlicht hat, einreicht.<\/p>\n<p>&nbsp;<\/p>\n<p>Alle anderen Bewerbungen werden nicht ber\u00fccksichtigt.<\/p>\n<p>&nbsp;<\/p>\n<p>Die Bewerber erm\u00e4chtigen Sa Dutxeta, die ihnen zugesandten Unterlagen, alle \u00fcber Suchmaschinen direkt zug\u00e4nglichen Inhalte, die von ihnen in beruflichen sozialen Netzwerken unterhaltenen Profile, die bei den Zulassungstests erhobenen Daten und die von ihnen beim Vorstellungsgespr\u00e4ch gemachten Angaben zu analysieren, um ihre Bewerbung zu bewerten und ihnen gegebenenfalls eine Stelle anzubieten.<\/p>\n<p>&nbsp;<\/p>\n<p>Sa Dutxeta kann die ordnungsgem\u00e4\u00df anonymisierten Daten verwenden, um Statistiken \u00fcber die Art der Bewerber zu erstellen und entsprechende Berichte zu ver\u00f6ffentlichen.<\/p>\n<p><strong>5.- Aufbewahrung der Daten<\/strong><\/p>\n<p>&nbsp;<\/p>\n<p>Im Folgenden wird die Dauer der Aufbewahrung der von Sa Dutxeta verarbeiteten Daten angegeben:<\/p>\n<p>&nbsp;<\/p>\n<p>Die zusammengefassten Daten werden ohne L\u00f6schfrist aufbewahrt.<\/p>\n<p>Die Kundendaten werden je nach der in Anspruch genommenen Dienstleistung aufbewahrt. In jedem Fall handelt es sich um das erforderliche Minimum, das bis zu 5 Jahren aufbewahrt werden kann:<\/p>\n<p>5 Jahre, gem\u00e4\u00df Art. 1964 des B\u00fcrgerlichen Gesetzbuches (pers\u00f6nliche Urkunden ohne besondere Frist).<\/p>\n<p>6 Jahre gem\u00e4\u00df Art. 30 des Handelsgesetzbuches (z.B. Gesch\u00e4ftsb\u00fccher oder Rechnungen).<\/p>\n<p>Die Daten der Newsletter-Abonnenten werden vom Zeitpunkt der Anmeldung bis zur Abmeldung gespeichert.<\/p>\n<p>Daten von Nutzern, die vom Service auf Seiten und Profile in sozialen Netzwerken hochgeladen werden, werden ab dem Zeitpunkt der Zustimmung des Nutzers bis zu dessen Widerruf gespeichert.<\/p>\n<p>Die Daten von Bewerbern auf eine Stellenausschreibung werden, wenn der Bewerber nicht ausgew\u00e4hlt wird, f\u00fcr einen Zeitraum von h\u00f6chstens zwei Jahren gespeichert, damit sie bei k\u00fcnftigen Stellenausschreibungen ber\u00fccksichtigt werden k\u00f6nnen, es sei denn, der Bewerber.[\/vc_column_text][\/vc_column][\/vc_row]\n","protected":false},"excerpt":{"rendered":"<p>[vc_row type=&#8220;in_container&#8220; full_screen_row_position=&#8220;middle&#8220; column_margin=&#8220;default&#8220; column_direction=&#8220;default&#8220; column_direction_tablet=&#8220;default&#8220; column_direction_phone=&#8220;default&#8220; scene_position=&#8220;center&#8220; text_color=&#8220;dark&#8220; text_align=&#8220;left&#8220; row_border_radius=&#8220;none&#8220; row_border_radius_applies=&#8220;bg&#8220; overlay_strength=&#8220;0.3&#8243; gradient_direction=&#8220;left_to_right&#8220; shape_divider_position=&#8220;bottom&#8220; bg_image_animation=&#8220;none&#8220;][vc_column column_padding=&#8220;no-extra-padding&#8220; column_padding_tablet=&#8220;inherit&#8220; column_padding_phone=&#8220;inherit&#8220; column_padding_position=&#8220;all&#8220; column_element_spacing=&#8220;default&#8220; background_color_opacity=&#8220;1&#8243; background_hover_color_opacity=&#8220;1&#8243; column_shadow=&#8220;none&#8220; column_border_radius=&#8220;none&#8220; column_link_target=&#8220;_self&#8220; gradient_direction=&#8220;left_to_right&#8220; overlay_strength=&#8220;0.3&#8243; width=&#8220;1\/1&#8243; tablet_width_inherit=&#8220;default&#8220;&#8230;<\/p>\n","protected":false},"author":1,"featured_media":0,"parent":0,"menu_order":0,"comment_status":"closed","ping_status":"closed","template":"","meta":[],"yoast_head":"<!-- This site is optimized with the Yoast SEO plugin v21.1 - https:\/\/yoast.com\/wordpress\/plugins\/seo\/ -->\n<title>DATENSCHUTZ - Sa Dutxeta<\/title>\n<meta name=\"robots\" content=\"index, follow, max-snippet:-1, max-image-preview:large, max-video-preview:-1\" \/>\n<link rel=\"canonical\" href=\"https:\/\/sadutxeta.com\/privacidad\/\" \/>\n<meta property=\"og:locale\" content=\"de_DE\" \/>\n<meta property=\"og:type\" content=\"article\" \/>\n<meta property=\"og:title\" content=\"DATENSCHUTZ - Sa Dutxeta\" \/>\n<meta property=\"og:description\" content=\"[vc_row type=&#8220;in_container&#8220; full_screen_row_position=&#8220;middle&#8220; column_margin=&#8220;default&#8220; column_direction=&#8220;default&#8220; column_direction_tablet=&#8220;default&#8220; column_direction_phone=&#8220;default&#8220; scene_position=&#8220;center&#8220; text_color=&#8220;dark&#8220; text_align=&#8220;left&#8220; row_border_radius=&#8220;none&#8220; row_border_radius_applies=&#8220;bg&#8220; overlay_strength=&#8220;0.3&#8243; gradient_direction=&#8220;left_to_right&#8220; shape_divider_position=&#8220;bottom&#8220; bg_image_animation=&#8220;none&#8220;][vc_column column_padding=&#8220;no-extra-padding&#8220; column_padding_tablet=&#8220;inherit&#8220; column_padding_phone=&#8220;inherit&#8220; column_padding_position=&#8220;all&#8220; column_element_spacing=&#8220;default&#8220; background_color_opacity=&#8220;1&#8243; background_hover_color_opacity=&#8220;1&#8243; column_shadow=&#8220;none&#8220; column_border_radius=&#8220;none&#8220; column_link_target=&#8220;_self&#8220; gradient_direction=&#8220;left_to_right&#8220; overlay_strength=&#8220;0.3&#8243; width=&#8220;1\/1&#8243; tablet_width_inherit=&#8220;default&#8220;...\" \/>\n<meta property=\"og:url\" content=\"https:\/\/sadutxeta.com\/privacidad\/\" \/>\n<meta property=\"og:site_name\" content=\"Sa Dutxeta\" \/>\n<meta property=\"article:modified_time\" content=\"2024-11-07T09:01:34+00:00\" \/>\n<meta name=\"twitter:card\" content=\"summary_large_image\" \/>\n<meta name=\"twitter:label1\" content=\"Gesch\u00e4tzte Lesezeit\" \/>\n\t<meta name=\"twitter:data1\" content=\"6\u00a0Minuten\" \/>\n<script type=\"application\/ld+json\" class=\"yoast-schema-graph\">{\"@context\":\"https:\/\/schema.org\",\"@graph\":[{\"@type\":\"WebPage\",\"@id\":\"https:\/\/sadutxeta.com\/privacidad\/\",\"url\":\"https:\/\/sadutxeta.com\/privacidad\/\",\"name\":\"DATENSCHUTZ - Sa Dutxeta\",\"isPartOf\":{\"@id\":\"https:\/\/sadutxeta.com\/#website\"},\"datePublished\":\"2023-02-28T10:37:43+00:00\",\"dateModified\":\"2024-11-07T09:01:34+00:00\",\"breadcrumb\":{\"@id\":\"https:\/\/sadutxeta.com\/privacidad\/#breadcrumb\"},\"inLanguage\":\"de\",\"potentialAction\":[{\"@type\":\"ReadAction\",\"target\":[\"https:\/\/sadutxeta.com\/privacidad\/\"]}]},{\"@type\":\"BreadcrumbList\",\"@id\":\"https:\/\/sadutxeta.com\/privacidad\/#breadcrumb\",\"itemListElement\":[{\"@type\":\"ListItem\",\"position\":1,\"name\":\"Home\",\"item\":\"https:\/\/sadutxeta.com\/\"},{\"@type\":\"ListItem\",\"position\":2,\"name\":\"DATENSCHUTZ\"}]},{\"@type\":\"WebSite\",\"@id\":\"https:\/\/sadutxeta.com\/#website\",\"url\":\"https:\/\/sadutxeta.com\/\",\"name\":\"Sa Dutxeta\",\"description\":\"Dise\u00f1o de interiores Mallorca\",\"potentialAction\":[{\"@type\":\"SearchAction\",\"target\":{\"@type\":\"EntryPoint\",\"urlTemplate\":\"https:\/\/sadutxeta.com\/?s={search_term_string}\"},\"query-input\":\"required name=search_term_string\"}],\"inLanguage\":\"de\"}]}<\/script>\n<!-- \/ Yoast SEO plugin. -->","yoast_head_json":{"title":"DATENSCHUTZ - Sa Dutxeta","robots":{"index":"index","follow":"follow","max-snippet":"max-snippet:-1","max-image-preview":"max-image-preview:large","max-video-preview":"max-video-preview:-1"},"canonical":"https:\/\/sadutxeta.com\/privacidad\/","og_locale":"de_DE","og_type":"article","og_title":"DATENSCHUTZ - Sa Dutxeta","og_description":"[vc_row type=&#8220;in_container&#8220; full_screen_row_position=&#8220;middle&#8220; column_margin=&#8220;default&#8220; column_direction=&#8220;default&#8220; column_direction_tablet=&#8220;default&#8220; column_direction_phone=&#8220;default&#8220; scene_position=&#8220;center&#8220; text_color=&#8220;dark&#8220; text_align=&#8220;left&#8220; row_border_radius=&#8220;none&#8220; row_border_radius_applies=&#8220;bg&#8220; overlay_strength=&#8220;0.3&#8243; gradient_direction=&#8220;left_to_right&#8220; shape_divider_position=&#8220;bottom&#8220; bg_image_animation=&#8220;none&#8220;][vc_column column_padding=&#8220;no-extra-padding&#8220; column_padding_tablet=&#8220;inherit&#8220; column_padding_phone=&#8220;inherit&#8220; column_padding_position=&#8220;all&#8220; column_element_spacing=&#8220;default&#8220; background_color_opacity=&#8220;1&#8243; background_hover_color_opacity=&#8220;1&#8243; column_shadow=&#8220;none&#8220; column_border_radius=&#8220;none&#8220; column_link_target=&#8220;_self&#8220; gradient_direction=&#8220;left_to_right&#8220; overlay_strength=&#8220;0.3&#8243; width=&#8220;1\/1&#8243; tablet_width_inherit=&#8220;default&#8220;...","og_url":"https:\/\/sadutxeta.com\/privacidad\/","og_site_name":"Sa Dutxeta","article_modified_time":"2024-11-07T09:01:34+00:00","twitter_card":"summary_large_image","twitter_misc":{"Gesch\u00e4tzte Lesezeit":"6\u00a0Minuten"},"schema":{"@context":"https:\/\/schema.org","@graph":[{"@type":"WebPage","@id":"https:\/\/sadutxeta.com\/privacidad\/","url":"https:\/\/sadutxeta.com\/privacidad\/","name":"DATENSCHUTZ - Sa Dutxeta","isPartOf":{"@id":"https:\/\/sadutxeta.com\/#website"},"datePublished":"2023-02-28T10:37:43+00:00","dateModified":"2024-11-07T09:01:34+00:00","breadcrumb":{"@id":"https:\/\/sadutxeta.com\/privacidad\/#breadcrumb"},"inLanguage":"de","potentialAction":[{"@type":"ReadAction","target":["https:\/\/sadutxeta.com\/privacidad\/"]}]},{"@type":"BreadcrumbList","@id":"https:\/\/sadutxeta.com\/privacidad\/#breadcrumb","itemListElement":[{"@type":"ListItem","position":1,"name":"Home","item":"https:\/\/sadutxeta.com\/"},{"@type":"ListItem","position":2,"name":"DATENSCHUTZ"}]},{"@type":"WebSite","@id":"https:\/\/sadutxeta.com\/#website","url":"https:\/\/sadutxeta.com\/","name":"Sa Dutxeta","description":"Dise\u00f1o de interiores Mallorca","potentialAction":[{"@type":"SearchAction","target":{"@type":"EntryPoint","urlTemplate":"https:\/\/sadutxeta.com\/?s={search_term_string}"},"query-input":"required name=search_term_string"}],"inLanguage":"de"}]}},"_links":{"self":[{"href":"https:\/\/sadutxeta.com\/de\/wp-json\/wp\/v2\/pages\/2004"}],"collection":[{"href":"https:\/\/sadutxeta.com\/de\/wp-json\/wp\/v2\/pages"}],"about":[{"href":"https:\/\/sadutxeta.com\/de\/wp-json\/wp\/v2\/types\/page"}],"author":[{"embeddable":true,"href":"https:\/\/sadutxeta.com\/de\/wp-json\/wp\/v2\/users\/1"}],"replies":[{"embeddable":true,"href":"https:\/\/sadutxeta.com\/de\/wp-json\/wp\/v2\/comments?post=2004"}],"version-history":[{"count":6,"href":"https:\/\/sadutxeta.com\/de\/wp-json\/wp\/v2\/pages\/2004\/revisions"}],"predecessor-version":[{"id":2691,"href":"https:\/\/sadutxeta.com\/de\/wp-json\/wp\/v2\/pages\/2004\/revisions\/2691"}],"wp:attachment":[{"href":"https:\/\/sadutxeta.com\/de\/wp-json\/wp\/v2\/media?parent=2004"}],"curies":[{"name":"wp","href":"https:\/\/api.w.org\/{rel}","templated":true}]}}