{"id":1999,"date":"2021-07-23T08:08:03","date_gmt":"2021-07-23T06:08:03","guid":{"rendered":"https:\/\/sadutxeta.com\/cookies\/"},"modified":"2021-07-23T08:08:03","modified_gmt":"2021-07-23T07:08:03","slug":"cookies","status":"publish","type":"page","link":"https:\/\/sadutxeta.com\/ca\/cookies\/","title":{"rendered":"Cookies"},"content":{"rendered":"<p><strong>1.- Cookies<\/strong><\/p>\n<p>Usamos cookies para proporcionarte el servicio y obtener estad\u00edsticas sobre el uso del sitio web.<\/p>\n<p><strong>1.1.- <\/strong><strong>\u00bfQu\u00e9 es una cookie y para qu\u00e9 sirve?<\/strong><\/p>\n<p>Una cookie es un fichero de texto que se env\u00eda al navegador web de tu ordenador, m\u00f3vil o tablet y que sirve para almacenar y recuperar informaci\u00f3n sobre la navegaci\u00f3n realizada. Por ejemplo, recordar tu nombre de usuario y contrase\u00f1a o las preferencias de tu perfil.<\/p>\n<p><strong>1.2.- \u00bfQu\u00e9 tipos de cookies hay?<\/strong><\/p>\n<p>Seg\u00fan qui\u00e9n las gestiona:<\/p>\n<ul>\n<li>Cookies propias; se env\u00edan a tu navegador desde nuestros equipos o dominios web.<\/li>\n<li>Cookies de terceros; se env\u00edan a tu navegador desde un equipo o dominio web que no gestionamos nosotros directamente, sino una tercera entidad como por ejemplo Google.<\/li>\n<\/ul>\n<p>En funci\u00f3n del tiempo que est\u00e1n activas, hay:<\/p>\n<ul>\n<li>Cookies de sesi\u00f3n; permanecen en el archivo de cookies de tu navegador hasta que abandonas la p\u00e1gina web, de modo que ninguna queda en tu dispositivo.<\/li>\n<li>Cookies persistentes; permanecen en tu dispositivo y nuestra web las lee cada vez que realizas una nueva visita. Estas cookies dejan de funcionar pasada una fecha concreta.<\/li>\n<\/ul>\n<p>Finalmente, y seg\u00fan su finalidad, tenemos:<\/p>\n<ul>\n<li>Cookies t\u00e9cnicas; mejoran la navegaci\u00f3n y el buen funcionamiento de la web.<\/li>\n<li>Cookies de personalizaci\u00f3n; permiten acceder al servicio con unas caracter\u00edsticas predefinidas en funci\u00f3n de una serie de criterios.<\/li>\n<li>Cookies de an\u00e1lisis; permiten medir y analizar estad\u00edsticamente el uso que se hace del servicio prestado.<\/li>\n<\/ul>\n<p>Cookies usadas por\u00a0<strong>el Servicio<\/strong>:<\/p>\n<figure class=\"wp-block-table\">\n<table>\n<tbody>\n<tr>\n<td><strong>Nombre<\/strong><\/td>\n<td><strong>Origen<\/strong><\/td>\n<td><strong>Finalidad<\/strong><\/td>\n<td><strong>Tipo<\/strong><\/td>\n<td><strong>Caducidad<\/strong><\/td>\n<\/tr>\n<tr>\n<td>_vwo_uuid_v2<\/td>\n<td>\u00a0VWO<\/td>\n<td>Cookies t\u00e9cnicas para garantizar el correcto funcionamiento de la p\u00e1gina web.<\/td>\n<td>\u00a0Cookiea de terceros<\/td>\n<td>\u00a011 meses<\/td>\n<\/tr>\n<tr>\n<td>icl_current_admin_language<\/td>\n<td>\u00a0WPML<\/td>\n<td>\u00a0Identifica el lenguaje del Administrador<\/td>\n<td>\u00a0Cookie de terceros<\/td>\n<td>Finalizar sesi\u00f3n<\/td>\n<\/tr>\n<tr>\n<td>icl_current_language<\/td>\n<td>\u00a0WPML<\/td>\n<td>\u00a0Identifica el lenguaje del Usuario<\/td>\n<td>\u00a0Cookie de terceros<\/td>\n<td>Finalizar sesi\u00f3n<\/td>\n<\/tr>\n<tr>\n<td>_ga<\/td>\n<td>\u00a0Google Analytics<\/td>\n<td>\u00a0Comportamientos de navegaci\u00f3n y permiten elaborar estad\u00edsticas de tr\u00e1fico<\/td>\n<td>\u00a0Cookie de terceros<\/td>\n<td>\u00a02 a\u00f1os<\/td>\n<\/tr>\n<tr>\n<td>_gat<\/td>\n<td>\u00a0Google Analytics<\/td>\n<td>\u00a0Comportamientos de navegaci\u00f3n y permiten elaborar estad\u00edsticas de tr\u00e1fico<\/td>\n<td>\u00a0Cookie de terceros<\/td>\n<td>\u00a02 minutos<\/td>\n<\/tr>\n<tr>\n<td>_gid<\/td>\n<td>\u00a0Google Analytics<\/td>\n<td>\u00a0Se usa para distinguir a los usuarios.<\/td>\n<td>\u00a0Cookie de terceros<\/td>\n<td>\u00a024 horas<\/td>\n<\/tr>\n<tr>\n<td>\u00a0gadwp_wg_default_dimension<\/td>\n<td>\u00a0Wordpress<\/td>\n<td>\u00a0Gestiona la gesti\u00f3n del acceso a la web y el despliegue de im\u00e1genes.<\/td>\n<td>\u00a0Cookie Propia<\/td>\n<td>\u00a01 semana<\/td>\n<\/tr>\n<tr>\n<td>\u00a0gadwp_wg_default_metric<\/td>\n<td>\u00a0Wordpress<\/td>\n<td>\u00a0Gestiona la gesti\u00f3n del acceso a la web y el despliegue de im\u00e1genes.<\/td>\n<td>\u00a0Cookie Propia<\/td>\n<td>\u00a01 semana<\/td>\n<\/tr>\n<tr>\n<td>\u00a0wordpress_test_cookie<\/td>\n<td>\u00a0Wordpress<\/td>\n<td>Para el correcto funcionamiento de las cookies en wordpress<\/td>\n<td>\u00a0Cookie de terceros<\/td>\n<td>\u00a0Finalizar sesi\u00f3n<\/td>\n<\/tr>\n<tr>\n<td>\u00a0wordpress_ead<\/td>\n<td>\u00a0Wordpress<\/td>\n<td>\u00a0EAD conector<\/td>\n<td>\u00a0Cookie de terceros<\/td>\n<td>\u00a02 semanas<\/td>\n<\/tr>\n<tr>\n<td>\u00a0wordpress_logged_in_ead<\/td>\n<td>\u00a0Wordpress<\/td>\n<td>\u00a0EAD loggin<\/td>\n<td>\u00a0Cookie de terceros<\/td>\n<td>\u00a02 semanas<\/td>\n<\/tr>\n<tr>\n<td>\u00a0wp-settings-1<\/td>\n<td>\u00a0Wordpress<\/td>\n<td>\u00a0Esto se utiliza para personalizar su vista de la interfaz de administraci\u00f3n, y posiblemente tambi\u00e9n la interfaz principal del sitio.<\/td>\n<td>\u00a0Cookie Propia<\/td>\n<td>\u00a01 a\u00f1o<\/td>\n<\/tr>\n<tr>\n<td>\u00a0wp-settings-time<\/td>\n<td>\u00a0Wordpress<\/td>\n<td>\u00a0Esto se utiliza para personalizar su vista de la interfaz de administraci\u00f3n, y posiblemente tambi\u00e9n la interfaz principal del sitio.<\/td>\n<td>\u00a0Cookie Propia<\/td>\n<td>\u00a01 a\u00f1o<\/td>\n<\/tr>\n<tr>\n<td>\u00a0_vis_opt_exp<\/td>\n<td>\u00a0VWO<\/td>\n<td>\u00a0Esta cookie se genera cuando se realiza un objetivo.<\/td>\n<td>\u00a0Cookie de Terceros<\/td>\n<td>\u00a06 meses<\/td>\n<\/tr>\n<tr>\n<td>\u00a0_vwo_uuid<\/td>\n<td>\u00a0VWO<\/td>\n<td>\u00a0Esta cookie se asegura de que a un visitante siempre se le sirva la misma version en cada visita a una pagina de campa\u00f1a.<\/td>\n<td>\u00a0Cookie de Terceros<\/td>\n<td>\u00a010 a\u00f1os<\/td>\n<\/tr>\n<\/tbody>\n<\/table>\n<\/figure>\n<p><strong>1.3.- C\u00f3mo configurar y desactivar las cookies<\/strong><\/p>\n<p>Puedes permitir, bloquear o eliminar las cookies instaladas en tu dispositivo desde tu navegador web. Si no permites la instalaci\u00f3n de cookies en tu dispositivo, puede que la experiencia de navegaci\u00f3n empeore. A continuaci\u00f3n puedes encontrar c\u00f3mo configurar las cookies en cada navegador:<\/p>\n<p>\u2013\u00a0<a href=\"http:\/\/windows.microsoft.com\/es-es\/windows-10\/edge-privacy-faq\">Edge<\/a><\/p>\n<p>\u2013\u00a0<a href=\"https:\/\/support.google.com\/chrome\/answer\/95647?hl=es\">Google Chrome<\/a><\/p>\n<p>\u2013\u00a0<a href=\"https:\/\/support.google.com\/chrome\/answer\/2392971?hl=es\">Google Android<\/a><\/p>\n<p>\u2013\u00a0<a href=\"http:\/\/windows.microsoft.com\/es-es\/windows-vista\/block-or-allow-cookies\">Internet Explorer 7 y 8<\/a><\/p>\n<p>\u2013\u00a0<a href=\"http:\/\/windows.microsoft.com\/es-es\/windows7\/how-to-manage-cookies-in-internet-explorer-9\">Internet Explorer 9<\/a><\/p>\n<p>\u2013\u00a0<a href=\"http:\/\/windows.microsoft.com\/es-es\/internet-explorer\/delete-manage-cookies#ie=ie-10\">Internet Explorer 10<\/a><\/p>\n<p>\u2013\u00a0<a href=\"http:\/\/windows.microsoft.com\/es-es\/internet-explorer\/delete-manage-cookies#ie=ie-11\">Internet Explorer 11<\/a><\/p>\n<p>\u2013\u00a0<a href=\"https:\/\/support.mozilla.org\/es\/kb\/habilitar-y-deshabilitar-cookies-que-los-sitios-we\">Mozilla Firefox<\/a><\/p>\n<p>\u2013\u00a0<a href=\"http:\/\/help.opera.com\/Linux\/10.60\/es-ES\/cookies.html\">Opera<\/a><\/p>\n<p>\u2013\u00a0<a href=\"https:\/\/support.apple.com\/kb\/PH19214?viewlocale=es_ES&amp;locale=es_ES\">Safari<\/a><\/p>\n<p>\u2013\u00a0<a href=\"https:\/\/support.apple.com\/es-es\/HT201265\">Safari Mobile<\/a><\/p>\n<p><strong>2.- Medidas de seguridad<\/strong><\/p>\n<p>El Servicio adopta todas las medidas t\u00e9cnicas y organizativas necesarias para proteger la seguridad e integridad de la informaci\u00f3n personal y no personal recopilada. Tanto frente a accesos no autorizados como su alteraci\u00f3n, p\u00e9rdida o destrucci\u00f3n accidentales.<\/p>\n<p>En todo caso, el Servicio no puede garantizar la seguridad absoluta de la informaci\u00f3n recopilada, por lo que debes colaborar y utilizar en todo momento el sentido com\u00fan sobre la informaci\u00f3n compartida.<\/p>\n<p>Entiendes y reconoces que, incluso despu\u00e9s de su eliminaci\u00f3n, la informaci\u00f3n personal y no personal puede permanecer visible en cach\u00e9 o si otros usuarios la han copiado o almacenado.<\/p>\n<p><strong>3.- Cambios en la Pol\u00edtica de Privacidad y Cookies<\/strong><\/p>\n<p>Podremos actualizar esta Pol\u00edtica de Privacidad y Cookies en el futuro. Te informaremos sobre sus cambios enviando un aviso a la direcci\u00f3n de correo electr\u00f3nico facilitada y\/o colocando un aviso en un lugar prominente de nuestra web.<\/p>\n<p><strong>4.- Contacto<\/strong><\/p>\n<p>Si tienes dudas sobre esta Pol\u00edtica de Privacidad y Cookies, contacta con nosotros en:<\/p>\n<p>E-mail:\u00a0<a href=\"mailto:info@sadutxeta.com\">info@sadutxeta.com<\/a><\/p>\n<p>Direcci\u00f3n: C\/ 31 de mar\u00e7, 41 \u2013 07570 Art\u00e0 (Illes Balears, Espa\u00f1a)<\/p>\n","protected":false},"excerpt":{"rendered":"<p>1.- Cookies Usamos cookies para proporcionarte el servicio y obtener estad\u00edsticas sobre el uso del sitio web. 1.1.- \u00bfQu\u00e9 es una cookie y para qu\u00e9 sirve? Una cookie es un&#8230;<\/p>\n","protected":false},"author":1,"featured_media":0,"parent":0,"menu_order":0,"comment_status":"closed","ping_status":"closed","template":"","meta":[],"yoast_head":"<!-- This site is optimized with the Yoast SEO plugin v21.1 - https:\/\/yoast.com\/wordpress\/plugins\/seo\/ -->\n<title>Cookies - Sa Dutxeta<\/title>\n<meta name=\"robots\" content=\"index, follow, max-snippet:-1, max-image-preview:large, max-video-preview:-1\" \/>\n<link rel=\"canonical\" href=\"https:\/\/sadutxeta.com\/ca\/cookies\/\" \/>\n<meta property=\"og:locale\" content=\"ca_ES\" \/>\n<meta property=\"og:type\" content=\"article\" \/>\n<meta property=\"og:title\" content=\"Cookies - Sa Dutxeta\" \/>\n<meta property=\"og:description\" content=\"1.- Cookies Usamos cookies para proporcionarte el servicio y obtener estad\u00edsticas sobre el uso del sitio web. 1.1.- \u00bfQu\u00e9 es una cookie y para qu\u00e9 sirve? Una cookie es un...\" \/>\n<meta property=\"og:url\" content=\"https:\/\/sadutxeta.com\/ca\/cookies\/\" \/>\n<meta property=\"og:site_name\" content=\"Sa Dutxeta\" \/>\n<meta property=\"article:modified_time\" content=\"2021-07-23T07:08:03+00:00\" \/>\n<meta name=\"twitter:card\" content=\"summary_large_image\" \/>\n<meta name=\"twitter:label1\" content=\"Temps estimat de lectura\" \/>\n\t<meta name=\"twitter:data1\" content=\"4 minuts\" \/>\n<script type=\"application\/ld+json\" class=\"yoast-schema-graph\">{\"@context\":\"https:\/\/schema.org\",\"@graph\":[{\"@type\":\"WebPage\",\"@id\":\"https:\/\/sadutxeta.com\/ca\/cookies\/\",\"url\":\"https:\/\/sadutxeta.com\/ca\/cookies\/\",\"name\":\"Cookies - Sa Dutxeta\",\"isPartOf\":{\"@id\":\"https:\/\/sadutxeta.com\/#website\"},\"datePublished\":\"2021-07-23T06:08:03+00:00\",\"dateModified\":\"2021-07-23T07:08:03+00:00\",\"breadcrumb\":{\"@id\":\"https:\/\/sadutxeta.com\/ca\/cookies\/#breadcrumb\"},\"inLanguage\":\"ca\",\"potentialAction\":[{\"@type\":\"ReadAction\",\"target\":[\"https:\/\/sadutxeta.com\/ca\/cookies\/\"]}]},{\"@type\":\"BreadcrumbList\",\"@id\":\"https:\/\/sadutxeta.com\/ca\/cookies\/#breadcrumb\",\"itemListElement\":[{\"@type\":\"ListItem\",\"position\":1,\"name\":\"Home\",\"item\":\"https:\/\/sadutxeta.com\/ca\/\"},{\"@type\":\"ListItem\",\"position\":2,\"name\":\"Cookies\"}]},{\"@type\":\"WebSite\",\"@id\":\"https:\/\/sadutxeta.com\/#website\",\"url\":\"https:\/\/sadutxeta.com\/\",\"name\":\"Sa Dutxeta\",\"description\":\"Dise\u00f1o de interiores Mallorca\",\"potentialAction\":[{\"@type\":\"SearchAction\",\"target\":{\"@type\":\"EntryPoint\",\"urlTemplate\":\"https:\/\/sadutxeta.com\/?s={search_term_string}\"},\"query-input\":\"required name=search_term_string\"}],\"inLanguage\":\"ca\"}]}<\/script>\n<!-- \/ Yoast SEO plugin. -->","yoast_head_json":{"title":"Cookies - Sa Dutxeta","robots":{"index":"index","follow":"follow","max-snippet":"max-snippet:-1","max-image-preview":"max-image-preview:large","max-video-preview":"max-video-preview:-1"},"canonical":"https:\/\/sadutxeta.com\/ca\/cookies\/","og_locale":"ca_ES","og_type":"article","og_title":"Cookies - Sa Dutxeta","og_description":"1.- Cookies Usamos cookies para proporcionarte el servicio y obtener estad\u00edsticas sobre el uso del sitio web. 1.1.- \u00bfQu\u00e9 es una cookie y para qu\u00e9 sirve? Una cookie es un...","og_url":"https:\/\/sadutxeta.com\/ca\/cookies\/","og_site_name":"Sa Dutxeta","article_modified_time":"2021-07-23T07:08:03+00:00","twitter_card":"summary_large_image","twitter_misc":{"Temps estimat de lectura":"4 minuts"},"schema":{"@context":"https:\/\/schema.org","@graph":[{"@type":"WebPage","@id":"https:\/\/sadutxeta.com\/ca\/cookies\/","url":"https:\/\/sadutxeta.com\/ca\/cookies\/","name":"Cookies - Sa Dutxeta","isPartOf":{"@id":"https:\/\/sadutxeta.com\/#website"},"datePublished":"2021-07-23T06:08:03+00:00","dateModified":"2021-07-23T07:08:03+00:00","breadcrumb":{"@id":"https:\/\/sadutxeta.com\/ca\/cookies\/#breadcrumb"},"inLanguage":"ca","potentialAction":[{"@type":"ReadAction","target":["https:\/\/sadutxeta.com\/ca\/cookies\/"]}]},{"@type":"BreadcrumbList","@id":"https:\/\/sadutxeta.com\/ca\/cookies\/#breadcrumb","itemListElement":[{"@type":"ListItem","position":1,"name":"Home","item":"https:\/\/sadutxeta.com\/ca\/"},{"@type":"ListItem","position":2,"name":"Cookies"}]},{"@type":"WebSite","@id":"https:\/\/sadutxeta.com\/#website","url":"https:\/\/sadutxeta.com\/","name":"Sa Dutxeta","description":"Dise\u00f1o de interiores Mallorca","potentialAction":[{"@type":"SearchAction","target":{"@type":"EntryPoint","urlTemplate":"https:\/\/sadutxeta.com\/?s={search_term_string}"},"query-input":"required name=search_term_string"}],"inLanguage":"ca"}]}},"_links":{"self":[{"href":"https:\/\/sadutxeta.com\/ca\/wp-json\/wp\/v2\/pages\/1999"}],"collection":[{"href":"https:\/\/sadutxeta.com\/ca\/wp-json\/wp\/v2\/pages"}],"about":[{"href":"https:\/\/sadutxeta.com\/ca\/wp-json\/wp\/v2\/types\/page"}],"author":[{"embeddable":true,"href":"https:\/\/sadutxeta.com\/ca\/wp-json\/wp\/v2\/users\/1"}],"replies":[{"embeddable":true,"href":"https:\/\/sadutxeta.com\/ca\/wp-json\/wp\/v2\/comments?post=1999"}],"version-history":[{"count":0,"href":"https:\/\/sadutxeta.com\/ca\/wp-json\/wp\/v2\/pages\/1999\/revisions"}],"wp:attachment":[{"href":"https:\/\/sadutxeta.com\/ca\/wp-json\/wp\/v2\/media?parent=1999"}],"curies":[{"name":"wp","href":"https:\/\/api.w.org\/{rel}","templated":true}]}}